{"id":1334,"date":"2011-08-08T17:58:56","date_gmt":"2011-08-08T15:58:56","guid":{"rendered":"http:\/\/jlmirall.es\/oysiao\/?page_id=1334"},"modified":"2012-01-16T22:14:11","modified_gmt":"2012-01-16T20:14:11","slug":"critica-constructiva-a-un-conservatorio","status":"publish","type":"page","link":"https:\/\/oysiao.jlmirall.es\/?page_id=1334","title":{"rendered":"Cr\u00edtica Constructiva a un Conservatorio"},"content":{"rendered":"<p>Dentro del sector pedag\u00f3gico-musical espa\u00f1ol es tema de inter\u00e9s nacional la supuesta falta de excelencia (por no decir \u00abfalta de calidad\u00bb) de los Conservatorios.<\/p>\n<p>Las cr\u00edticas, las compartamos o no, ah\u00ed est\u00e1n, y suelen tener los mismos focos de atenci\u00f3n:<\/p>\n<ul>\n<li>Quejas sobre el programa educativo (Q1)<\/li>\n<li>Quejas sobre el sistema pedag\u00f3gico real (Q2)<\/li>\n<li>Quejas sobre la organizaci\u00f3n interna de cada centro (Q3)<\/li>\n<li>Quejas sobre la calidad de los docentes (Q4)<\/li>\n<li>Quejas sobre el sistema de acceso a la funci\u00f3n docente (tanto en sistema de provisi\u00f3n de puestos de car\u00e1cter definitivo, como de car\u00e1cter provisional) (Q5)<\/li>\n<li>Quejas sobre el nivel del alumnado (Q6)<\/li>\n<li>Quejas sobre los sindicatos (Q7)<\/li>\n<li>Quejas sobre la administraci\u00f3n (Q8)<\/li>\n<\/ul>\n<div>\n<p><strong>Nota:<\/strong> Como se ha visto, he puesto etiquetas a las \u00abquejas\u00bb, Q1, Q2, Q3\u2026 para no mezclarlas al hablar de ellas y poder hacer referencia a ellas sin usar tanta palabra.<\/p>\n<p>Obviamente no se suelen dar todas las quejas al mismo tiempo, ni tampoco todos los centros est\u00e1n \u00abaquejados\u00bb de los mismos males. Habr\u00e1 gente que dar\u00e1 m\u00e1s peso a unos problemas sobre otros, y otros que negar\u00e1n la existencia de algunos de los males. La realidad es que si suelen aparecer con tanta presencia en la consciencia colectiva de muchos de los miembros de la comunidad educativa (alumnos, padres, docentes, equipos directivos, administraci\u00f3n, \u2026) alguna peque\u00f1a parte de verdad contendr\u00e1n.<\/p>\n<p>No tengo ahora como objetivo presentar \u00fanicamente un museo de los horrores tal cual, que por otra parte no seria representativo de ninguna realidad concreta. Pero s\u00ed es mi intenci\u00f3n listar una serie de problemas que desde hace tiempo parecen perpetuarse en el tiempo (conserv\u00e1ndose, mejor dicho) y no quedarme \u00fanicamente en el escarnio p\u00fablico de tales situaciones. Mi aspiraci\u00f3n es la de proponer un posible remedio a tales males, bas\u00e1ndome en la literatura cient\u00edfica e informes internacionales sobre los sistema educativos con mayor desempe\u00f1o.<\/p>\n<p>Asumiendo que todo lo que aqu\u00ed pueda decirse no se quedar\u00e1 en nada m\u00e1s que unas simples indicaciones, tal vez demasiado someras, tal vez demasiado difusas, pero que poco a poco construyen mi corpus ideol\u00f3gico al respecto, considero que es necesario avanzar sin timidez por este camino. As\u00ed que sin m\u00e1s proleg\u00f3menos demos inicio a la trova de la &#8230;<\/p>\n<\/div>\n<div>Cantiga de escarnio<\/div>\n<div><a href=\"http:\/\/oysiao.jlmirall.es\/?p=1387\">Q1 &#8211; Quejas sobre el programa educativo<\/a><\/div>\n<div><a title=\"Q2 \u2013 Quejas sobre el sistema pedag\u00f3gico real ( Cr\u00edtica Constructiva a un Conservatorio)\" href=\"http:\/\/oysiao.jlmirall.es\/?p=1390\">Q2 -Quejas sobre el sistema pedag\u00f3gico real<\/a><\/div>\n<div><a title=\"Q3 \u2013 Quejas sobre la organizaci\u00f3n interna de cada centro (Cr\u00edtica Constructiva a un Conservatorio)\" href=\"http:\/\/oysiao.jlmirall.es\/?p=1393\">Q3 &#8211; Quejas sobre la organizaci\u00f3n interna de cada centro<\/a><\/div>\n<div><a title=\"Q4 \u2013 Quejas sobre la calidad de los docentes (Cr\u00edtica Constructiva a un Conservatorio)\" href=\"http:\/\/oysiao.jlmirall.es\/?p=1494\">Q4 &#8211; Quejas sobre la calidad de los docentes<\/a><\/div>\n<div>Q5 &#8211;\u00a0Quejas sobre el sistema de acceso a la funci\u00f3n docente<\/div>\n<div>Q6 &#8211; Quejas sobre el nivel del alumnado<\/div>\n<div>Q7 &#8211; Quejas sobre los sindicatos<\/div>\n<div>Q8 &#8211; Quejas sobre la administraci\u00f3n<\/div>\n<div>Nota: pinchar en cada enlace para seguir a la p\u00e1gina donde se desarrolla y se debate sobre cada aspecto. (Los enlaces se ir\u00e1n activando poco a poco).<\/div>\n<div>Todo el mundo es libre de participar y aportar su opini\u00f3n. Esta lista no est\u00e1 cerrada y se pueden a\u00f1adir aspectos que no est\u00e9n todav\u00eda contemplados en esta lista. Pero recordemos: esto es una <strong>Cr\u00edtica Constructiva<\/strong>, por lo que la motivaci\u00f3n principal es la de mejorar, no la de lanzar piedras a diestro y siniestro. Se puede se\u00f1alar cualquier aspecto que no nos guste de los Conservatorios, pero se recomienda que al mismo tiempo se proponga una manera de solucionarlo que sea beneficiosa para el bien com\u00fan del colectivo.<\/div>\n<div>Para m\u00e1s detalles sobre las normas de funcionamiento de los comentarios leer:\u00a0<a href=\"http:\/\/oysiao.jlmirall.es\/?p=1301\">http:\/\/oysiao.jlmirall.es\/?p=1301<\/a><\/div>\n<div style=\"text-align: center;\">en resumen:<\/div>\n<div style=\"text-align: center;\"><strong>INFORMAOS\u00a0&#8211; OPINAD &#8211; PROPONED\u00a0<\/strong><\/div>\n<p>Aqu\u00ed se detallan los aspectos principales que mantienen en com\u00fan los Sistemas Educativos mejores del mundo:\u00a0<a href=\"http:\/\/oysiao.jlmirall.es\/?p=1374\">http:\/\/oysiao.jlmirall.es\/?p=1374<\/a><\/p>\n","protected":false},"excerpt":{"rendered":"<p>Dentro del sector pedag\u00f3gico-musical espa\u00f1ol es tema de inter\u00e9s nacional la supuesta falta de excelencia (por no decir \u00abfalta de calidad\u00bb) de los Conservatorios. Las cr\u00edticas, las compartamos o no, ah\u00ed est\u00e1n, y suelen tener los mismos focos de atenci\u00f3n: Quejas sobre el programa educativo (Q1) Quejas sobre el sistema&hellip; <\/p>\n","protected":false},"author":2,"featured_media":0,"parent":1570,"menu_order":1,"comment_status":"open","ping_status":"closed","template":"","meta":{"jetpack_post_was_ever_published":false,"footnotes":""},"class_list":["post-1334","page","type-page","status-publish","hentry"],"jetpack_shortlink":"https:\/\/wp.me\/P74VZt-lw","jetpack_sharing_enabled":true,"_links":{"self":[{"href":"https:\/\/oysiao.jlmirall.es\/index.php?rest_route=\/wp\/v2\/pages\/1334","targetHints":{"allow":["GET"]}}],"collection":[{"href":"https:\/\/oysiao.jlmirall.es\/index.php?rest_route=\/wp\/v2\/pages"}],"about":[{"href":"https:\/\/oysiao.jlmirall.es\/index.php?rest_route=\/wp\/v2\/types\/page"}],"author":[{"embeddable":true,"href":"https:\/\/oysiao.jlmirall.es\/index.php?rest_route=\/wp\/v2\/users\/2"}],"replies":[{"embeddable":true,"href":"https:\/\/oysiao.jlmirall.es\/index.php?rest_route=%2Fwp%2Fv2%2Fcomments&post=1334"}],"version-history":[{"count":16,"href":"https:\/\/oysiao.jlmirall.es\/index.php?rest_route=\/wp\/v2\/pages\/1334\/revisions"}],"predecessor-version":[{"id":1384,"href":"https:\/\/oysiao.jlmirall.es\/index.php?rest_route=\/wp\/v2\/pages\/1334\/revisions\/1384"}],"up":[{"embeddable":true,"href":"https:\/\/oysiao.jlmirall.es\/index.php?rest_route=\/wp\/v2\/pages\/1570"}],"wp:attachment":[{"href":"https:\/\/oysiao.jlmirall.es\/index.php?rest_route=%2Fwp%2Fv2%2Fmedia&parent=1334"}],"curies":[{"name":"wp","href":"https:\/\/api.w.org\/{rel}","templated":true}]}}