{"id":1659,"date":"2012-01-15T11:46:43","date_gmt":"2012-01-15T09:46:43","guid":{"rendered":"http:\/\/jlmirall.es\/oysiao\/?page_id=1659"},"modified":"2013-04-05T11:15:51","modified_gmt":"2013-04-05T09:15:51","slug":"el-autor","status":"publish","type":"page","link":"https:\/\/oysiao.jlmirall.es\/?page_id=1659","title":{"rendered":"Autor &#038; Blog"},"content":{"rendered":"<h1 style=\"text-align: justify;\"><a href=\"http:\/\/oysiao.jlmirall.es\/wp-content\/uploads\/2012\/01\/foto-mskn-JLMIRALLESpeq.jpg\"><img loading=\"lazy\" decoding=\"async\" class=\"alignright  wp-image-1691\" title=\"fotoyo\" alt=\"\" src=\"http:\/\/oysiao.jlmirall.es\/wp-content\/uploads\/2012\/01\/foto-mskn-JLMIRALLESpeq.jpg\" width=\"180\" height=\"218\" srcset=\"https:\/\/oysiao.jlmirall.es\/wp-content\/uploads\/2012\/01\/foto-mskn-JLMIRALLESpeq.jpg 300w, https:\/\/oysiao.jlmirall.es\/wp-content\/uploads\/2012\/01\/foto-mskn-JLMIRALLESpeq-247x300.jpg 247w\" sizes=\"auto, (max-width: 180px) 100vw, 180px\" \/><\/a><\/h1>\n<p style=\"text-align: justify;\">Nac\u00ed en Vila-real, en 1985. Y en mi misma calle est\u00e1n: <a href=\"http:\/\/es.wikipedia.org\/wiki\/Francisco_T\u00e1rrega\">Francisco T\u00e1rrega<\/a>, <a href=\"http:\/\/es.wikipedia.org\/wiki\/Pascual_Bayl\u00f3n\">San Pascual<\/a> y <a href=\"http:\/\/es.wikipedia.org\/wiki\/Jos\u00e9_Polo_de_Bernab\u00e9_y_Borr\u00e1s\">Polo de Bernab\u00e9<\/a>. \u00a1Lo cual es toda una responsabilidad!<\/p>\n<p style=\"text-align: justify;\">Aparte de la m\u00fasica, mis pasiones son la\u00a0<a href=\"http:\/\/es.wikipedia.org\/wiki\/Planetolog%C3%ADa\" target=\"_blank\" rel=\"nofollow\">planetolog\u00eda<\/a>\u00a0y la\u00a0<a href=\"http:\/\/es.wikipedia.org\/wiki\/Astrobiolog%C3%ADa\" target=\"_blank\" rel=\"nofollow\">astrobiolog\u00eda<\/a>. Pero llegado el momento me vi incapaz de poder realizar satisfactoriamente carreras de tan distinta \u00edndole, as\u00ed que me decid\u00ed exclusivamente por el campo de la m\u00fasica. Estudi\u00e9 las carreras de Piano y Composici\u00f3n. Hice el CAP en la <a href=\"http:\/\/www.uv.es\/\">Universidad de Valencia<\/a>, el M\u00e1ster en M\u00fasica de la <a href=\"http:\/\/www.upv.es\/\">UPV<\/a> y millones de cursillos en la <a href=\"http:\/\/www.uned.es\/\">UNED<\/a>, Universidad de Valencia,<a href=\"http:\/\/www.conservatorisuperiorcastello.com\/\"> CSMCS<\/a>, <a href=\"http:\/\/www.edu.gva.es\/per\/val\/sfp_0_sfp.asp\">CEFIRE<\/a>, <a href=\"http:\/\/www.musikeon.net\/\">Musikeon<\/a>,\u00a0<a href=\"http:\/\/www.festivaldesarcs.com\/\" target=\"_blank\" rel=\"nofollow\">Francia<\/a>\u00a0y\u00a0<a href=\"http:\/\/www.pianale.com\/es\/intro.php\" target=\"_blank\" rel=\"nofollow\">Alemania<\/a>; para perfeccionarme en el piano y muchos otros aspectos relacionados con \u00e9l.<\/p>\n<div style=\"text-align: justify;\">Poco a poco me fui introduciendo de forma natural en el mundo de la docencia:<\/div>\n<div><\/div>\n<div style=\"text-align: center;\">escuela de m\u00fasica -&gt; centro autorizado -&gt; interino -&gt; funcionario de carrera<\/div>\n<div style=\"text-align: center;\"><\/div>\n<div style=\"text-align: justify;\">Y reafirm\u00e9 mis sospechas de que por encima de todo,\u00a0<strong>la docencia es lo que define mi naturaleza<\/strong>. Si quiero aprender es para ense\u00f1ar. No me gusta quedarme el conocimiento para mi mismo. Y cuanto mejor quiero aprender algo, es porque mayor es mi necesidad de querer ense\u00f1arlo.<\/div>\n<div style=\"text-align: justify;\"><\/div>\n<div style=\"text-align: justify;\">En el siguiente enlace podr\u00e1s acceder a mi curr\u00edculum y portfolio:<\/div>\n<div style=\"text-align: justify;\"><a href=\"http:\/\/jlmirall.es\"><img loading=\"lazy\" decoding=\"async\" class=\"aligncenter size-medium wp-image-3759\" alt=\"Captura de pantalla 2013-04-03 a les 12.17.28\" src=\"http:\/\/oysiao.jlmirall.es\/wp-content\/uploads\/2012\/01\/Captura-de-pantalla-2013-04-03-a-les-12.17.28-300x293.png\" width=\"300\" height=\"293\" srcset=\"https:\/\/oysiao.jlmirall.es\/wp-content\/uploads\/2012\/01\/Captura-de-pantalla-2013-04-03-a-les-12.17.28-300x293.png 300w, https:\/\/oysiao.jlmirall.es\/wp-content\/uploads\/2012\/01\/Captura-de-pantalla-2013-04-03-a-les-12.17.28.png 401w\" sizes=\"auto, (max-width: 300px) 100vw, 300px\" \/><\/a><\/div>\n<div><\/div>\n<h1>El Blog<\/h1>\n<p>Las siguientes entradas hablan de la historia del blog:<\/p>\n<ul>\n<li><span style=\"line-height: 13px;\">[2008] <a href=\"http:\/\/oysiao.jlmirall.es\/?p=1\">\u00a1Hola, mundo!<\/a>, un blog no es un blog si no tiene su primera entrada.<\/span><\/li>\n<li>[2009] <a href=\"http:\/\/oysiao.jlmirall.es\/?p=699\">Oysiao tiene un nuevo oasis<\/a>, el salto al hosting propio.<\/li>\n<li>[2011] <a href=\"http:\/\/oysiao.jlmirall.es\/?p=1301\">Futuro del blog<\/a>, reaccionando a la presentaci\u00f3n en sociedad del blog<\/li>\n<li>[2013] <a href=\"http:\/\/oysiao.jlmirall.es\/?p=3845\">Oysiao en el Oasis se presenta a los premios Espiral Edublogs 2013<\/a>, y reflexi\u00f3n del camino desde el 2011 hasta el 2013<\/li>\n<\/ul>\n<p>Cuando visites Oysiao en el Oasis o alguno de los blogs-hijos de este blog desde tu iPhone o iPad te preguntar\u00e1 si quieres a\u00f1adirlos a tu p\u00e1gina de inicio. \u00bfVas a poder resistir sin tener estos iconos en tu iOS?<\/p>\n<p style=\"text-align: center;\"><a href=\"http:\/\/oysiao.jlmirall.es\/wp-content\/uploads\/2012\/01\/iphone-home.png\"><img loading=\"lazy\" decoding=\"async\" class=\"aligncenter  wp-image-3855\" alt=\"iphone home\" src=\"http:\/\/oysiao.jlmirall.es\/wp-content\/uploads\/2012\/01\/iphone-home-592x1024.png\" width=\"355\" height=\"614\" srcset=\"https:\/\/oysiao.jlmirall.es\/wp-content\/uploads\/2012\/01\/iphone-home-592x1024.png 592w, https:\/\/oysiao.jlmirall.es\/wp-content\/uploads\/2012\/01\/iphone-home-173x300.png 173w, https:\/\/oysiao.jlmirall.es\/wp-content\/uploads\/2012\/01\/iphone-home.png 639w\" sizes=\"auto, (max-width: 355px) 100vw, 355px\" \/><\/a><\/p>\n<p><em>Los usuarios de Android deber\u00e1n hacer el proceso manualmente. Primero a\u00f1adiendo la web a sus favoritos, y luego a\u00f1adiendo el favorito a la pantalla de inicio.<\/em><\/p>\n<p>Tambi\u00e9n puedes leer Oysiao en el Oasis (con o sin conexi\u00f3n) desde Google Currents. Pincha en el siguiente enlace para suscribirte al blog:<\/p>\n<p style=\"text-align: center;\"><a href=\"https:\/\/www.google.com\/producer\/editions\/CAowivOSBw\/oysiao_en_el_oasis\"><img loading=\"lazy\" decoding=\"async\" class=\"aligncenter size-medium wp-image-3856\" alt=\"google current\" src=\"http:\/\/oysiao.jlmirall.es\/wp-content\/uploads\/2012\/01\/google-current-300x96.png\" width=\"300\" height=\"96\" srcset=\"https:\/\/oysiao.jlmirall.es\/wp-content\/uploads\/2012\/01\/google-current-300x96.png 300w, https:\/\/oysiao.jlmirall.es\/wp-content\/uploads\/2012\/01\/google-current-1024x328.png 1024w, https:\/\/oysiao.jlmirall.es\/wp-content\/uploads\/2012\/01\/google-current.png 1482w\" sizes=\"auto, (max-width: 300px) 100vw, 300px\" \/><\/a><\/p>\n<p>&nbsp;<\/p>\n<p><a href=\"http:\/\/creativecommons.org\/licenses\/by-nc-sa\/3.0\/deed.es_CO\" rel=\"license\"><img decoding=\"async\" style=\"border-width: 0;\" alt=\"Licencia Creative Commons\" src=\"http:\/\/i.creativecommons.org\/l\/by-nc-sa\/3.0\/88x31.png\" \/><\/a><br \/>\nOysiao en el Oasis por <a href=\"jlmirall.es\" rel=\"cc:attributionURL\">Jos\u00e9 Luis Miralles Bono<\/a> se encuentra bajo una <a href=\"http:\/\/creativecommons.org\/licenses\/by-nc-sa\/3.0\/deed.es_CO\" rel=\"license\">Licencia Creative Commons Atribuci\u00f3n-NoComercial-CompartirIgual 3.0 Unported<\/a>.<\/p>\n","protected":false},"excerpt":{"rendered":"<p>Nac\u00ed en Vila-real, en 1985. Y en mi misma calle est\u00e1n: Francisco T\u00e1rrega, San Pascual y Polo de Bernab\u00e9. \u00a1Lo cual es toda una responsabilidad! Aparte de la m\u00fasica, mis pasiones son la\u00a0planetolog\u00eda\u00a0y la\u00a0astrobiolog\u00eda. Pero llegado el momento me vi incapaz de poder realizar satisfactoriamente carreras de tan distinta \u00edndole,&hellip; <\/p>\n","protected":false},"author":2,"featured_media":0,"parent":0,"menu_order":1,"comment_status":"open","ping_status":"open","template":"","meta":{"jetpack_post_was_ever_published":false,"footnotes":""},"class_list":["post-1659","page","type-page","status-publish","hentry"],"jetpack_shortlink":"https:\/\/wp.me\/P74VZt-qL","jetpack_sharing_enabled":true,"_links":{"self":[{"href":"https:\/\/oysiao.jlmirall.es\/index.php?rest_route=\/wp\/v2\/pages\/1659","targetHints":{"allow":["GET"]}}],"collection":[{"href":"https:\/\/oysiao.jlmirall.es\/index.php?rest_route=\/wp\/v2\/pages"}],"about":[{"href":"https:\/\/oysiao.jlmirall.es\/index.php?rest_route=\/wp\/v2\/types\/page"}],"author":[{"embeddable":true,"href":"https:\/\/oysiao.jlmirall.es\/index.php?rest_route=\/wp\/v2\/users\/2"}],"replies":[{"embeddable":true,"href":"https:\/\/oysiao.jlmirall.es\/index.php?rest_route=%2Fwp%2Fv2%2Fcomments&post=1659"}],"version-history":[{"count":22,"href":"https:\/\/oysiao.jlmirall.es\/index.php?rest_route=\/wp\/v2\/pages\/1659\/revisions"}],"predecessor-version":[{"id":1670,"href":"https:\/\/oysiao.jlmirall.es\/index.php?rest_route=\/wp\/v2\/pages\/1659\/revisions\/1670"}],"wp:attachment":[{"href":"https:\/\/oysiao.jlmirall.es\/index.php?rest_route=%2Fwp%2Fv2%2Fmedia&parent=1659"}],"curies":[{"name":"wp","href":"https:\/\/api.w.org\/{rel}","templated":true}]}}