{"id":2742,"date":"2012-04-18T09:59:55","date_gmt":"2012-04-18T07:59:55","guid":{"rendered":"http:\/\/jlmirall.es\/oysiao\/?page_id=2742"},"modified":"2012-04-23T12:23:14","modified_gmt":"2012-04-23T10:23:14","slug":"sentencia-tribunal","status":"publish","type":"page","link":"https:\/\/oysiao.jlmirall.es\/?page_id=2742","title":{"rendered":"Sentencia Tribunal"},"content":{"rendered":"<p>Esta p\u00e1gina est\u00e1 dedicada a recopilar toda la informaci\u00f3n sobre la sentencia del Tribunal Supremo y su anulaci\u00f3n de la denominaci\u00f3n de grado para los t\u00edtulos de las Ense\u00f1anzas de los Conservatorios Superiores de M\u00fasica.<\/p>\n<p style=\"text-align: center;\"><em><strong>en construcci\u00f3n\u00a0<\/strong><\/em><\/p>\n<p><iframe loading=\"lazy\" src=\"https:\/\/docs.google.com\/spreadsheet\/pub?key=0Aihtrdi1KzqBdFlsSzNMV251Y25SSnVjQVdDSEc1UlE&amp;single=true&amp;gid=0&amp;output=html&amp;widget=true\" frameborder=\"0\" width=\"800\" height=\"900\"><\/iframe><\/p>\n","protected":false},"excerpt":{"rendered":"<p>Esta p\u00e1gina est\u00e1 dedicada a recopilar toda la informaci\u00f3n sobre la sentencia del Tribunal Supremo y su anulaci\u00f3n de la denominaci\u00f3n de grado para los t\u00edtulos de las Ense\u00f1anzas de los Conservatorios Superiores de M\u00fasica. en construcci\u00f3n\u00a0<\/p>\n","protected":false},"author":2,"featured_media":0,"parent":1570,"menu_order":0,"comment_status":"open","ping_status":"closed","template":"","meta":{"jetpack_post_was_ever_published":false,"footnotes":""},"class_list":["post-2742","page","type-page","status-publish","hentry"],"jetpack_shortlink":"https:\/\/wp.me\/P74VZt-Ie","jetpack_sharing_enabled":true,"_links":{"self":[{"href":"https:\/\/oysiao.jlmirall.es\/index.php?rest_route=\/wp\/v2\/pages\/2742","targetHints":{"allow":["GET"]}}],"collection":[{"href":"https:\/\/oysiao.jlmirall.es\/index.php?rest_route=\/wp\/v2\/pages"}],"about":[{"href":"https:\/\/oysiao.jlmirall.es\/index.php?rest_route=\/wp\/v2\/types\/page"}],"author":[{"embeddable":true,"href":"https:\/\/oysiao.jlmirall.es\/index.php?rest_route=\/wp\/v2\/users\/2"}],"replies":[{"embeddable":true,"href":"https:\/\/oysiao.jlmirall.es\/index.php?rest_route=%2Fwp%2Fv2%2Fcomments&post=2742"}],"version-history":[{"count":7,"href":"https:\/\/oysiao.jlmirall.es\/index.php?rest_route=\/wp\/v2\/pages\/2742\/revisions"}],"predecessor-version":[{"id":2764,"href":"https:\/\/oysiao.jlmirall.es\/index.php?rest_route=\/wp\/v2\/pages\/2742\/revisions\/2764"}],"up":[{"embeddable":true,"href":"https:\/\/oysiao.jlmirall.es\/index.php?rest_route=\/wp\/v2\/pages\/1570"}],"wp:attachment":[{"href":"https:\/\/oysiao.jlmirall.es\/index.php?rest_route=%2Fwp%2Fv2%2Fmedia&parent=2742"}],"curies":[{"name":"wp","href":"https:\/\/api.w.org\/{rel}","templated":true}]}}