{"id":2826,"date":"2012-08-08T19:52:50","date_gmt":"2012-08-08T17:52:50","guid":{"rendered":"http:\/\/jlmirall.es\/oysiao\/?page_id=2826"},"modified":"2012-08-24T10:03:59","modified_gmt":"2012-08-24T08:03:59","slug":"nuevo-archivo-legislativo-conservatorios","status":"publish","type":"page","link":"https:\/\/oysiao.jlmirall.es\/?page_id=2826","title":{"rendered":"Nuevo Archivo Legislativo Conservatorios"},"content":{"rendered":"<p style=\"text-align: left;\">Versi\u00f3n navegable, mediante Prezi, de los documentos archivados en Google Drive.<\/p>\n<p style=\"text-align: center;\"><a href=\"https:\/\/docs.google.com\/folder\/d\/0Byhtrdi1KzqBWHJFejBiaS0wNjQ\/edit\">ACESO AL ARCHIVO LEGISLATIVO<\/a><\/p>\n<ul>\n<li>Especializado en la legislaci\u00f3n que afecta Conservatorios de la Comunidad Valenciana.<\/li>\n<li>En constante actualizaci\u00f3n, seg\u00fan publicaci\u00f3n de normativa.<\/li>\n<\/ul>\n<div class=\"prezi-player\">\n<style type=\"text\/css\" media=\"screen\">.prezi-player { width: 550px; } .prezi-player-links { text-align: center; }<\/style>\n<p><object id=\"prezi_hrcvc5azzfpz\" name=\"prezi_hrcvc5azzfpz\" classid=\"clsid:D27CDB6E-AE6D-11cf-96B8-444553540000\" width=\"880\" height=\"800\"><param name=\"movie\" value=\"http:\/\/prezi.com\/bin\/preziloader.swf\"\/><param name=\"allowfullscreen\" value=\"true\"\/><param name=\"allowFullScreenInteractive\" value=\"true\"\/><param name=\"allowscriptaccess\" value=\"always\"\/><param name=\"bgcolor\" value=\"#ffffff\"\/><param name=\"flashvars\" value=\"prezi_id=hrcvc5azzfpz&amp;lock_to_path=0&amp;color=ffffff&amp;autoplay=no&amp;autohide_ctrls=0\"\/><\/object><\/p>\n<div class=\"prezi-player-links\">\n<p><a title=\"ARCHIVO LEGISLATIVO CONSERVATORIOS 2.0\" href=\"http:\/\/prezi.com\/hrcvc5azzfpz\/archivo-legislativo-conservatorios-20\/\">ARCHIVO LEGISLATIVO CONSERVATORIOS 2.0<\/a> on <a href=\"http:\/\/prezi.com\">Prezi<\/a><\/p>\n<\/div>\n<\/div>\n","protected":false},"excerpt":{"rendered":"<p>Versi\u00f3n navegable, mediante Prezi, de los documentos archivados en Google Drive. ACESO AL ARCHIVO LEGISLATIVO Especializado en la legislaci\u00f3n que afecta Conservatorios de la Comunidad Valenciana. En constante actualizaci\u00f3n, seg\u00fan publicaci\u00f3n de normativa. ARCHIVO LEGISLATIVO CONSERVATORIOS 2.0 on Prezi<\/p>\n","protected":false},"author":2,"featured_media":0,"parent":1570,"menu_order":0,"comment_status":"open","ping_status":"closed","template":"","meta":{"jetpack_post_was_ever_published":false,"footnotes":""},"class_list":["post-2826","page","type-page","status-publish","hentry"],"jetpack_shortlink":"https:\/\/wp.me\/P74VZt-JA","jetpack_sharing_enabled":true,"_links":{"self":[{"href":"https:\/\/oysiao.jlmirall.es\/index.php?rest_route=\/wp\/v2\/pages\/2826","targetHints":{"allow":["GET"]}}],"collection":[{"href":"https:\/\/oysiao.jlmirall.es\/index.php?rest_route=\/wp\/v2\/pages"}],"about":[{"href":"https:\/\/oysiao.jlmirall.es\/index.php?rest_route=\/wp\/v2\/types\/page"}],"author":[{"embeddable":true,"href":"https:\/\/oysiao.jlmirall.es\/index.php?rest_route=\/wp\/v2\/users\/2"}],"replies":[{"embeddable":true,"href":"https:\/\/oysiao.jlmirall.es\/index.php?rest_route=%2Fwp%2Fv2%2Fcomments&post=2826"}],"version-history":[{"count":11,"href":"https:\/\/oysiao.jlmirall.es\/index.php?rest_route=\/wp\/v2\/pages\/2826\/revisions"}],"predecessor-version":[{"id":2847,"href":"https:\/\/oysiao.jlmirall.es\/index.php?rest_route=\/wp\/v2\/pages\/2826\/revisions\/2847"}],"up":[{"embeddable":true,"href":"https:\/\/oysiao.jlmirall.es\/index.php?rest_route=\/wp\/v2\/pages\/1570"}],"wp:attachment":[{"href":"https:\/\/oysiao.jlmirall.es\/index.php?rest_route=%2Fwp%2Fv2%2Fmedia&parent=2826"}],"curies":[{"name":"wp","href":"https:\/\/api.w.org\/{rel}","templated":true}]}}