{"id":3247,"date":"2013-03-20T19:26:25","date_gmt":"2013-03-20T17:26:25","guid":{"rendered":"http:\/\/jlmirall.es\/oysiao\/?page_id=3247"},"modified":"2013-03-21T09:53:21","modified_gmt":"2013-03-21T07:53:21","slug":"que-quiero-ser-de-mayor-ies-sos-baynat","status":"publish","type":"page","link":"https:\/\/oysiao.jlmirall.es\/?page_id=3247","title":{"rendered":"\u00bfQu\u00e9 quiero ser de mayor? IES Sos Baynat"},"content":{"rendered":"<p>Esta p\u00e1gina est\u00e1 especialmente dise\u00f1ada para los asistentes a la conferencia:<\/p>\n<h1>\u00bfqu\u00e9 quiero ser de mayor?<\/h1>\n<p>que realic\u00e9 el viernes 22 de marzo de 2013 en el IES Sos Baynat, dentro del proyecto \u00abfem UN\u00cdSONO contra el frac\u00e0s escolar\u00bb, que llevan a cabo en colaboraci\u00f3n el Conservatorio Profesional de M\u00fasica \u00abMestre T\u00e0rega\u00bb de Castell\u00f3n con el IES Sos Baynat.<\/p>\n<p>Si asististe a la conferencia y aun no has contestado a la encuesta, desde el siguiente enlace puedes hacerlo:<\/p>\n<p><a class=\"typeform-share button\" href=\"http:\/\/jlmiralles.typeform.com\/to\/d8yOvO\" target=\"_blank\" data-mode=\"2\">Valoraci\u00f3n Conferencia<\/a><br \/>\n<script type=\"text\/javascript\">\/\/ <![CDATA[\n(function(){var qs,js,q,s,d=document,gi=d.getElementById,ce=d.createElement,gt=d.getElementsByTagName,id='typef_orm',b='https:\/\/s3-eu-west-1.amazonaws.com\/share.typeform.com\/';if(!gi.call(d,id)){js=ce.call(d,'script');js.id=id;js.src=b+'share.js';q=gt.call(d,'script')[0];q.parentNode.insertBefore(js,q)}id=id+'_';if(!gi.call(d,id)){qs=ce.call(d,'link');qs.rel='stylesheet';qs.id=id;qs.href=b+'share-button.css';s=gt.call(d,'head')[0];s.appendChild(qs,s)}})()\n\/\/ ]]><\/script><\/p>\n<p>a continuaci\u00f3n dejo algunos enlaces para ampliar informaci\u00f3n sobre lo que se explic\u00f3 en la conferencia:<\/p>\n<ul>\n<li><a href=\"http:\/\/www.educa2.madrid.org\/web\/centro.ies.sampedro.trescantos\/sistema-educativo\"><span style=\"line-height: 13px;\">Enlace al mapa de ense\u00f1anzas de la LOE<\/span><\/a><\/li>\n<li><a href=\"http:\/\/www.cece.gva.es\/ocd\/areaord\/val\/musdan_faq_conv.htm\">Convalidaciones entre instituto y conservatorio<\/a><\/li>\n<li><a href=\"http:\/\/www.uji.es\/CA\/infopre\/trans\/acc1012\/pau.html\">Ponderaciones en las PAU<\/a><\/li>\n<\/ul>\n<p>Webs de Centros Superiores<\/p>\n<ul>\n<li><span style=\"line-height: 13px;\">Conservatorios de la Comunidad Valenciana<\/span>\n<ul>\n<li><a href=\"http:\/\/www.conservatorisuperiorcastello.com\">Castell\u00f3n<\/a><\/li>\n<li><a href=\"http:\/\/www.csmvalencia.es\">Valencia<\/a><\/li>\n<li><a href=\"http:\/\/www.csmalicante.es\">Alicante<\/a><\/li>\n<\/ul>\n<\/li>\n<li><a href=\"http:\/\/berkleevalencia.org\">Berklee Valencia<\/a><\/li>\n<li>Otros Conservatorios de Espa\u00f1a\n<ul>\n<li><a href=\"http:\/\/www.esmuc.cat\">ESMUC (Catalu\u00f1a)<\/a><\/li>\n<li><a href=\"http:\/\/musikene.net\">Musikene (Pa\u00eds Basco)<\/a><\/li>\n<li><a href=\"http:\/\/www.educa.madrid.org\/web\/csm.realconservatorio.madrid\/\">RCSMM (Madrid)<\/a><\/li>\n<li><a href=\"https:\/\/www.csma.es\">CSMA (Arag\u00f3n)<\/a><\/li>\n<\/ul>\n<\/li>\n<li>Academias de Alto Rendimiento\n<ul>\n<li><a href=\"http:\/\/www.escuelasuperiordemusicareinasofia.es\">Reina Sofia<\/a><\/li>\n<li><a href=\"http:\/\/www.katarinagurska.com\">Katarina Gurska<\/a><\/li>\n<\/ul>\n<\/li>\n<\/ul>\n<p>&nbsp;<\/p>\n<p>Los videos de la conferencia:<\/p>\n<p><iframe loading=\"lazy\" src=\"http:\/\/www.youtube.com\/embed\/IXv2KjFEL7w?rel=0\" height=\"480\" width=\"640\" allowfullscreen=\"\" frameborder=\"0\"><\/iframe><br \/>\n<iframe loading=\"lazy\" src=\"http:\/\/www.youtube.com\/embed\/2Fp3bqHP-LY?rel=0\" height=\"480\" width=\"640\" allowfullscreen=\"\" frameborder=\"0\"><\/iframe><\/p>\n","protected":false},"excerpt":{"rendered":"<p>Esta p\u00e1gina est\u00e1 especialmente dise\u00f1ada para los asistentes a la conferencia: \u00bfqu\u00e9 quiero ser de mayor? que realic\u00e9 el viernes 22 de marzo de 2013 en el IES Sos Baynat, dentro del proyecto \u00abfem UN\u00cdSONO contra el frac\u00e0s escolar\u00bb, que llevan a cabo en colaboraci\u00f3n el Conservatorio Profesional de M\u00fasica&hellip; <\/p>\n","protected":false},"author":2,"featured_media":0,"parent":3070,"menu_order":3,"comment_status":"open","ping_status":"closed","template":"","meta":{"jetpack_post_was_ever_published":false,"footnotes":""},"class_list":["post-3247","page","type-page","status-publish","hentry"],"jetpack_shortlink":"https:\/\/wp.me\/P74VZt-Qn","jetpack_sharing_enabled":true,"_links":{"self":[{"href":"https:\/\/oysiao.jlmirall.es\/index.php?rest_route=\/wp\/v2\/pages\/3247","targetHints":{"allow":["GET"]}}],"collection":[{"href":"https:\/\/oysiao.jlmirall.es\/index.php?rest_route=\/wp\/v2\/pages"}],"about":[{"href":"https:\/\/oysiao.jlmirall.es\/index.php?rest_route=\/wp\/v2\/types\/page"}],"author":[{"embeddable":true,"href":"https:\/\/oysiao.jlmirall.es\/index.php?rest_route=\/wp\/v2\/users\/2"}],"replies":[{"embeddable":true,"href":"https:\/\/oysiao.jlmirall.es\/index.php?rest_route=%2Fwp%2Fv2%2Fcomments&post=3247"}],"version-history":[{"count":7,"href":"https:\/\/oysiao.jlmirall.es\/index.php?rest_route=\/wp\/v2\/pages\/3247\/revisions"}],"predecessor-version":[{"id":4029,"href":"https:\/\/oysiao.jlmirall.es\/index.php?rest_route=\/wp\/v2\/pages\/3247\/revisions\/4029"}],"up":[{"embeddable":true,"href":"https:\/\/oysiao.jlmirall.es\/index.php?rest_route=\/wp\/v2\/pages\/3070"}],"wp:attachment":[{"href":"https:\/\/oysiao.jlmirall.es\/index.php?rest_route=%2Fwp%2Fv2%2Fmedia&parent=3247"}],"curies":[{"name":"wp","href":"https:\/\/api.w.org\/{rel}","templated":true}]}}